{"id":2987,"date":"2024-03-27T15:28:33","date_gmt":"2024-03-27T13:28:33","guid":{"rendered":"https:\/\/unitronmedx.eu\/qui-nous-sommes\/"},"modified":"2025-08-05T12:40:25","modified_gmt":"2025-08-05T10:40:25","slug":"qui-nous-sommes","status":"publish","type":"page","link":"https:\/\/www.unitronmedx.com\/fr\/qui-nous-sommes\/","title":{"rendered":"Qui nous sommes"},"content":{"rendered":"\t\t<div data-elementor-type=\"wp-page\" data-elementor-id=\"2987\" class=\"elementor elementor-2987 elementor-12\">\n\t\t\t\t<div class=\"elementor-element elementor-element-b17865a e-flex e-con-boxed e-con e-parent\" data-id=\"b17865a\" data-element_type=\"container\" data-e-type=\"container\">\n\t\t\t\t\t<div class=\"e-con-inner\">\n\t\t\t\t\t<\/div>\n\t\t\t\t<\/div>\n\t\t<div class=\"elementor-element elementor-element-740bdc0 e-flex e-con-boxed e-con e-parent\" data-id=\"740bdc0\" data-element_type=\"container\" data-e-type=\"container\">\n\t\t\t\t\t<div class=\"e-con-inner\">\n\t\t<div class=\"elementor-element elementor-element-ad211ee e-con-full e-flex e-con e-child\" data-id=\"ad211ee\" data-element_type=\"container\" data-e-type=\"container\">\n\t\t\t\t<div class=\"elementor-element elementor-element-078dc44 elementor-widget elementor-widget-text-editor\" data-id=\"078dc44\" data-element_type=\"widget\" data-e-type=\"widget\" data-widget_type=\"text-editor.default\">\n\t\t\t\t<div class=\"elementor-widget-container\">\n\t\t\t\t\t\t\t\t\t<h4>Ensemble, nous construisons des produits m\u00e9dicaux qui comptent<\/h4>\n<p>Nous croyons en des soins de sant\u00e9 o\u00f9 les patients se sentent en s\u00e9curit\u00e9 et soutenus. Nous croyons en des soins de sant\u00e9 o\u00f9 les patients se sentent en s\u00e9curit\u00e9 et soutenus, o\u00f9 ils sont aid\u00e9s de la meilleure fa\u00e7on possible gr\u00e2ce \u00e0 la meilleure technologie.<\/p>\n<p>C&rsquo;est ce \u00e0 quoi nous travaillons depuis plus de 30 ans. Avec plus de 70 professionnels, nous travaillons sur des produits des sciences de la vie haut de gamme sur lesquels tout le monde peut compter. Nous le faisons en tant que partenaire \u00e0 long terme de nombreux acteurs m\u00e9dicaux majeurs. Avec eux, nous visons la meilleure exp\u00e9rience de soins possible.<\/p>\n\t\t\t\t\t\t\t\t<\/div>\n\t\t\t\t<\/div>\n\t\t\t\t<\/div>\n\t\t<div class=\"elementor-element elementor-element-1d86978 e-con-full e-flex e-con e-child\" data-id=\"1d86978\" data-element_type=\"container\" data-e-type=\"container\">\n\t\t\t\t<div class=\"elementor-element elementor-element-4dcc2ae elementor-widget elementor-widget-image\" data-id=\"4dcc2ae\" data-element_type=\"widget\" data-e-type=\"widget\" data-widget_type=\"image.default\">\n\t\t\t\t<div class=\"elementor-widget-container\">\n\t\t\t\t\t\t\t\t\t\t\t\t\t\t\t<img fetchpriority=\"high\" decoding=\"async\" width=\"489\" height=\"600\" src=\"https:\/\/www.unitronmedx.com\/wp-content\/uploads\/2019\/11\/Unitron_header_11-489x600.jpg\" class=\"attachment-medium size-medium wp-image-2993\" alt=\"\" srcset=\"https:\/\/www.unitronmedx.com\/wp-content\/uploads\/2019\/11\/Unitron_header_11-489x600.jpg 489w, https:\/\/www.unitronmedx.com\/wp-content\/uploads\/2019\/11\/Unitron_header_11-768x941.jpg 768w, https:\/\/www.unitronmedx.com\/wp-content\/uploads\/2019\/11\/Unitron_header_11.jpg 1240w\" sizes=\"(max-width: 489px) 100vw, 489px\" \/>\t\t\t\t\t\t\t\t\t\t\t\t\t\t\t<\/div>\n\t\t\t\t<\/div>\n\t\t\t\t<\/div>\n\t\t\t\t\t<\/div>\n\t\t\t\t<\/div>\n\t\t<div class=\"elementor-element elementor-element-9e90426 e-flex e-con-boxed e-con e-parent\" data-id=\"9e90426\" data-element_type=\"container\" data-e-type=\"container\">\n\t\t\t\t\t<div class=\"e-con-inner\">\n\t\t\t\t<div class=\"elementor-element elementor-element-10102e7 elementor-arrows-position-inside elementor-pagination-position-outside elementor-widget elementor-widget-image-carousel\" data-id=\"10102e7\" data-element_type=\"widget\" data-e-type=\"widget\" data-settings=\"{&quot;navigation&quot;:&quot;both&quot;,&quot;autoplay&quot;:&quot;yes&quot;,&quot;pause_on_hover&quot;:&quot;yes&quot;,&quot;pause_on_interaction&quot;:&quot;yes&quot;,&quot;autoplay_speed&quot;:5000,&quot;infinite&quot;:&quot;yes&quot;,&quot;speed&quot;:500}\" data-widget_type=\"image-carousel.default\">\n\t\t\t\t<div class=\"elementor-widget-container\">\n\t\t\t\t\t\t\t<div class=\"elementor-image-carousel-wrapper swiper\" role=\"region\" aria-roledescription=\"carousel\" aria-label=\"Carrousel d\u2019images\" dir=\"ltr\">\n\t\t\t<div class=\"elementor-image-carousel swiper-wrapper\" aria-live=\"off\">\n\t\t\t\t\t\t\t\t<div class=\"swiper-slide\" role=\"group\" aria-roledescription=\"slide\" aria-label=\"1 sur 3\"><figure class=\"swiper-slide-inner\"><img decoding=\"async\" class=\"swiper-slide-image\" src=\"https:\/\/www.unitronmedx.com\/wp-content\/uploads\/2019\/10\/unitron_printedelectronics-600x361.jpg\" alt=\"unitron_printedelectronics\" \/><\/figure><\/div><div class=\"swiper-slide\" role=\"group\" aria-roledescription=\"slide\" aria-label=\"2 sur 3\"><figure class=\"swiper-slide-inner\"><img decoding=\"async\" class=\"swiper-slide-image\" src=\"https:\/\/www.unitronmedx.com\/wp-content\/uploads\/2019\/10\/unitron_heating-600x361.jpg\" alt=\"unitron_heating\" \/><\/figure><\/div><div class=\"swiper-slide\" role=\"group\" aria-roledescription=\"slide\" aria-label=\"3 sur 3\"><figure class=\"swiper-slide-inner\"><img decoding=\"async\" class=\"swiper-slide-image\" src=\"https:\/\/www.unitronmedx.com\/wp-content\/uploads\/2019\/10\/unitron_optica-600x361.jpg\" alt=\"unitron_optica\" \/><\/figure><\/div>\t\t\t<\/div>\n\t\t\t\t\t\t\t\t\t\t\t\t<div class=\"elementor-swiper-button elementor-swiper-button-prev\" role=\"button\" tabindex=\"0\">\n\t\t\t\t\t\t<svg aria-hidden=\"true\" class=\"e-font-icon-svg e-eicon-chevron-left\" viewBox=\"0 0 1000 1000\" xmlns=\"http:\/\/www.w3.org\/2000\/svg\"><path d=\"M646 125C629 125 613 133 604 142L308 442C296 454 292 471 292 487 292 504 296 521 308 533L604 854C617 867 629 875 646 875 663 875 679 871 692 858 704 846 713 829 713 812 713 796 708 779 692 767L438 487 692 225C700 217 708 204 708 187 708 171 704 154 692 142 675 129 663 125 646 125Z\"><\/path><\/svg>\t\t\t\t\t<\/div>\n\t\t\t\t\t<div class=\"elementor-swiper-button elementor-swiper-button-next\" role=\"button\" tabindex=\"0\">\n\t\t\t\t\t\t<svg aria-hidden=\"true\" class=\"e-font-icon-svg e-eicon-chevron-right\" viewBox=\"0 0 1000 1000\" xmlns=\"http:\/\/www.w3.org\/2000\/svg\"><path d=\"M696 533C708 521 713 504 713 487 713 471 708 454 696 446L400 146C388 133 375 125 354 125 338 125 325 129 313 142 300 154 292 171 292 187 292 204 296 221 308 233L563 492 304 771C292 783 288 800 288 817 288 833 296 850 308 863 321 871 338 875 354 875 371 875 388 867 400 854L696 533Z\"><\/path><\/svg>\t\t\t\t\t<\/div>\n\t\t\t\t\n\t\t\t\t\t\t\t\t\t<div class=\"swiper-pagination\"><\/div>\n\t\t\t\t\t\t\t\t\t<\/div>\n\t\t\t\t\t\t<\/div>\n\t\t\t\t<\/div>\n\t\t\t\t\t<\/div>\n\t\t\t\t<\/div>\n\t\t\t\t<\/div>\n\t\t","protected":false},"excerpt":{"rendered":"<p>Ensemble, nous construisons des produits m\u00e9dicaux qui comptent Nous croyons en des soins de sant\u00e9 o\u00f9 les patients se sentent en s\u00e9curit\u00e9 et soutenus. Nous croyons en des soins de sant\u00e9 o\u00f9 les patients se sentent en s\u00e9curit\u00e9 et soutenus, o\u00f9 ils sont aid\u00e9s de la meilleure fa\u00e7on possible gr\u00e2ce \u00e0 la meilleure technologie. C&rsquo;est [&hellip;]<\/p>\n","protected":false},"author":2,"featured_media":0,"parent":0,"menu_order":0,"comment_status":"closed","ping_status":"closed","template":"","meta":{"_acf_changed":false,"_monsterinsights_skip_tracking":false,"_monsterinsights_sitenote_active":false,"_monsterinsights_sitenote_note":"","_monsterinsights_sitenote_category":0,"footnotes":""},"class_list":["post-2987","page","type-page","status-publish","hentry"],"acf":[],"yoast_head":"\n<title>Qui nous sommes - Unitron Medx<\/title>\n<meta name=\"description\" content=\"Nous croyons en des soins de sant\u00e9 o\u00f9 les patients se sentent en s\u00e9curit\u00e9 et soutenus. C&#039;est pourquoi nous fabriquons des produits m\u00e9dicaux qui comptent.\" \/>\n<meta name=\"robots\" content=\"index, follow, max-snippet:-1, max-image-preview:large, max-video-preview:-1\" \/>\n<link rel=\"canonical\" href=\"https:\/\/unitronmedx.eu\/wie-we-zijn\/\" \/>\n<meta property=\"og:locale\" content=\"fr_FR\" \/>\n<meta property=\"og:type\" content=\"article\" \/>\n<meta property=\"og:title\" content=\"Qui nous sommes - Unitron Medx\" \/>\n<meta property=\"og:description\" content=\"Nous croyons en des soins de sant\u00e9 o\u00f9 les patients se sentent en s\u00e9curit\u00e9 et soutenus. C&#039;est pourquoi nous fabriquons des produits m\u00e9dicaux qui comptent.\" \/>\n<meta property=\"og:url\" content=\"https:\/\/unitronmedx.eu\/wie-we-zijn\/\" \/>\n<meta property=\"og:site_name\" content=\"Unitron Medx\" \/>\n<meta property=\"article:publisher\" content=\"https:\/\/www.facebook.com\/profile.php?id=100064692525874\" \/>\n<meta property=\"article:modified_time\" content=\"2025-08-05T10:40:25+00:00\" \/>\n<meta property=\"og:image\" content=\"https:\/\/unitronmedx.eu\/wp-content\/uploads\/2019\/11\/Unitron_header_11-489x600.jpg\" \/>\n<meta name=\"twitter:card\" content=\"summary_large_image\" \/>\n<meta name=\"twitter:label1\" content=\"Dur\u00e9e de lecture estim\u00e9e\" \/>\n\t<meta name=\"twitter:data1\" content=\"2 minutes\" \/>\n<script type=\"application\/ld+json\" class=\"yoast-schema-graph\">{\"@context\":\"https:\\\/\\\/schema.org\",\"@graph\":[{\"@type\":\"WebPage\",\"@id\":\"https:\\\/\\\/www.unitronmedx.com\\\/fr\\\/qui-nous-sommes\\\/\",\"url\":\"https:\\\/\\\/unitronmedx.eu\\\/wie-we-zijn\\\/\",\"name\":\"Qui nous sommes - Unitron Medx\",\"isPartOf\":{\"@id\":\"https:\\\/\\\/www.unitronmedx.com\\\/nl\\\/#website\"},\"primaryImageOfPage\":{\"@id\":\"https:\\\/\\\/unitronmedx.eu\\\/wie-we-zijn\\\/#primaryimage\"},\"image\":{\"@id\":\"https:\\\/\\\/unitronmedx.eu\\\/wie-we-zijn\\\/#primaryimage\"},\"thumbnailUrl\":\"https:\\\/\\\/unitronmedx.eu\\\/wp-content\\\/uploads\\\/2019\\\/11\\\/Unitron_header_11-489x600.jpg\",\"datePublished\":\"2024-03-27T13:28:33+00:00\",\"dateModified\":\"2025-08-05T10:40:25+00:00\",\"description\":\"Nous croyons en des soins de sant\u00e9 o\u00f9 les patients se sentent en s\u00e9curit\u00e9 et soutenus. C'est pourquoi nous fabriquons des produits m\u00e9dicaux qui comptent.\",\"breadcrumb\":{\"@id\":\"https:\\\/\\\/unitronmedx.eu\\\/wie-we-zijn\\\/#breadcrumb\"},\"inLanguage\":\"fr-FR\",\"potentialAction\":[{\"@type\":\"ReadAction\",\"target\":[\"https:\\\/\\\/unitronmedx.eu\\\/wie-we-zijn\\\/\"]}]},{\"@type\":\"ImageObject\",\"inLanguage\":\"fr-FR\",\"@id\":\"https:\\\/\\\/unitronmedx.eu\\\/wie-we-zijn\\\/#primaryimage\",\"url\":\"https:\\\/\\\/unitronmedx.eu\\\/wp-content\\\/uploads\\\/2019\\\/11\\\/Unitron_header_11-489x600.jpg\",\"contentUrl\":\"https:\\\/\\\/unitronmedx.eu\\\/wp-content\\\/uploads\\\/2019\\\/11\\\/Unitron_header_11-489x600.jpg\"},{\"@type\":\"BreadcrumbList\",\"@id\":\"https:\\\/\\\/unitronmedx.eu\\\/wie-we-zijn\\\/#breadcrumb\",\"itemListElement\":[{\"@type\":\"ListItem\",\"position\":1,\"name\":\"Home\",\"item\":\"https:\\\/\\\/www.unitronmedx.com\\\/fr\\\/\"},{\"@type\":\"ListItem\",\"position\":2,\"name\":\"Qui nous sommes\"}]},{\"@type\":\"WebSite\",\"@id\":\"https:\\\/\\\/www.unitronmedx.com\\\/nl\\\/#website\",\"url\":\"https:\\\/\\\/www.unitronmedx.com\\\/nl\\\/\",\"name\":\"www.unitronmedx.eu\",\"description\":\"\",\"potentialAction\":[{\"@type\":\"SearchAction\",\"target\":{\"@type\":\"EntryPoint\",\"urlTemplate\":\"https:\\\/\\\/www.unitronmedx.com\\\/nl\\\/?s={search_term_string}\"},\"query-input\":{\"@type\":\"PropertyValueSpecification\",\"valueRequired\":true,\"valueName\":\"search_term_string\"}}],\"inLanguage\":\"fr-FR\"}]}<\/script>\n","yoast_head_json":{"title":"Qui nous sommes - Unitron Medx","description":"Nous croyons en des soins de sant\u00e9 o\u00f9 les patients se sentent en s\u00e9curit\u00e9 et soutenus. C'est pourquoi nous fabriquons des produits m\u00e9dicaux qui comptent.","robots":{"index":"index","follow":"follow","max-snippet":"max-snippet:-1","max-image-preview":"max-image-preview:large","max-video-preview":"max-video-preview:-1"},"canonical":"https:\/\/unitronmedx.eu\/wie-we-zijn\/","og_locale":"fr_FR","og_type":"article","og_title":"Qui nous sommes - Unitron Medx","og_description":"Nous croyons en des soins de sant\u00e9 o\u00f9 les patients se sentent en s\u00e9curit\u00e9 et soutenus. C'est pourquoi nous fabriquons des produits m\u00e9dicaux qui comptent.","og_url":"https:\/\/unitronmedx.eu\/wie-we-zijn\/","og_site_name":"Unitron Medx","article_publisher":"https:\/\/www.facebook.com\/profile.php?id=100064692525874","article_modified_time":"2025-08-05T10:40:25+00:00","og_image":[{"url":"https:\/\/unitronmedx.eu\/wp-content\/uploads\/2019\/11\/Unitron_header_11-489x600.jpg","type":"","width":"","height":""}],"twitter_card":"summary_large_image","twitter_misc":{"Dur\u00e9e de lecture estim\u00e9e":"2 minutes"},"schema":{"@context":"https:\/\/schema.org","@graph":[{"@type":"WebPage","@id":"https:\/\/www.unitronmedx.com\/fr\/qui-nous-sommes\/","url":"https:\/\/unitronmedx.eu\/wie-we-zijn\/","name":"Qui nous sommes - Unitron Medx","isPartOf":{"@id":"https:\/\/www.unitronmedx.com\/nl\/#website"},"primaryImageOfPage":{"@id":"https:\/\/unitronmedx.eu\/wie-we-zijn\/#primaryimage"},"image":{"@id":"https:\/\/unitronmedx.eu\/wie-we-zijn\/#primaryimage"},"thumbnailUrl":"https:\/\/unitronmedx.eu\/wp-content\/uploads\/2019\/11\/Unitron_header_11-489x600.jpg","datePublished":"2024-03-27T13:28:33+00:00","dateModified":"2025-08-05T10:40:25+00:00","description":"Nous croyons en des soins de sant\u00e9 o\u00f9 les patients se sentent en s\u00e9curit\u00e9 et soutenus. C'est pourquoi nous fabriquons des produits m\u00e9dicaux qui comptent.","breadcrumb":{"@id":"https:\/\/unitronmedx.eu\/wie-we-zijn\/#breadcrumb"},"inLanguage":"fr-FR","potentialAction":[{"@type":"ReadAction","target":["https:\/\/unitronmedx.eu\/wie-we-zijn\/"]}]},{"@type":"ImageObject","inLanguage":"fr-FR","@id":"https:\/\/unitronmedx.eu\/wie-we-zijn\/#primaryimage","url":"https:\/\/unitronmedx.eu\/wp-content\/uploads\/2019\/11\/Unitron_header_11-489x600.jpg","contentUrl":"https:\/\/unitronmedx.eu\/wp-content\/uploads\/2019\/11\/Unitron_header_11-489x600.jpg"},{"@type":"BreadcrumbList","@id":"https:\/\/unitronmedx.eu\/wie-we-zijn\/#breadcrumb","itemListElement":[{"@type":"ListItem","position":1,"name":"Home","item":"https:\/\/www.unitronmedx.com\/fr\/"},{"@type":"ListItem","position":2,"name":"Qui nous sommes"}]},{"@type":"WebSite","@id":"https:\/\/www.unitronmedx.com\/nl\/#website","url":"https:\/\/www.unitronmedx.com\/nl\/","name":"www.unitronmedx.eu","description":"","potentialAction":[{"@type":"SearchAction","target":{"@type":"EntryPoint","urlTemplate":"https:\/\/www.unitronmedx.com\/nl\/?s={search_term_string}"},"query-input":{"@type":"PropertyValueSpecification","valueRequired":true,"valueName":"search_term_string"}}],"inLanguage":"fr-FR"}]}},"_links":{"self":[{"href":"https:\/\/www.unitronmedx.com\/fr\/wp-json\/wp\/v2\/pages\/2987","targetHints":{"allow":["GET"]}}],"collection":[{"href":"https:\/\/www.unitronmedx.com\/fr\/wp-json\/wp\/v2\/pages"}],"about":[{"href":"https:\/\/www.unitronmedx.com\/fr\/wp-json\/wp\/v2\/types\/page"}],"author":[{"embeddable":true,"href":"https:\/\/www.unitronmedx.com\/fr\/wp-json\/wp\/v2\/users\/2"}],"replies":[{"embeddable":true,"href":"https:\/\/www.unitronmedx.com\/fr\/wp-json\/wp\/v2\/comments?post=2987"}],"version-history":[{"count":11,"href":"https:\/\/www.unitronmedx.com\/fr\/wp-json\/wp\/v2\/pages\/2987\/revisions"}],"predecessor-version":[{"id":4924,"href":"https:\/\/www.unitronmedx.com\/fr\/wp-json\/wp\/v2\/pages\/2987\/revisions\/4924"}],"wp:attachment":[{"href":"https:\/\/www.unitronmedx.com\/fr\/wp-json\/wp\/v2\/media?parent=2987"}],"curies":[{"name":"wp","href":"https:\/\/api.w.org\/{rel}","templated":true}]}}